{"id":3769,"date":"2025-01-31T13:14:39","date_gmt":"2025-01-31T13:14:39","guid":{"rendered":"https:\/\/www.nanomade.com\/?page_id=3769"},"modified":"2025-07-29T14:28:52","modified_gmt":"2025-07-29T14:28:52","slug":"nos-etudes-de-cas","status":"publish","type":"page","link":"https:\/\/preprod.nanomade.com\/fr\/nos-etudes-de-cas\/","title":{"rendered":"\u00c9tudes de cas"},"content":{"rendered":"<div class=\"gb-container gb-container-ccb64289\">\n<div class=\"gb-container gb-container-0fa7a5e6\">\n<div class=\"gb-container gb-container-e6fb7450\">\n<p><div class=\"crumbs\"><a href=\"https:\/\/preprod.nanomade.com\/fr\/\">Accueil<\/a>&nbsp;>&nbsp;<span class=\"current\">Page<\/span><\/div><\/p>\n\n<\/div>\n\n<div class=\"gb-container gb-container-5ebae9ee\">\n\n<h1 class=\"gb-headline gb-headline-dbb55dda gb-headline-text\">\u00c9tudes de cas<\/h1>\n\n\n\n<p class=\"gb-headline gb-headline-c1085e92 gb-headline-text\">D\u00e9couvrez diverses applications avec nos capteurs quantiques int\u00e9gr\u00e9s. Les possibilit\u00e9s d&rsquo;int\u00e9gration sont tr\u00e8s vari\u00e9es et ouvrent des perspectives infinies.<br>Et si vos id\u00e9es devenaient r\u00e9alit\u00e9\u00a0?<\/p>\n\n<\/div>\n\n<div class=\"gb-container gb-container-bc561a03\">\n\n<p class=\"gb-headline gb-headline-3ea24dc3 gb-headline-text\">Filtrer les r\u00e9sultats par application ou domaine d&rsquo;activit\u00e9 :<\/p>\n\n\n<p><div class=\"etude-de-cas-taxonomies\"><div class=\"taxo-row domaines\"><a href=\"https:\/\/preprod.nanomade.com\/fr\/wp-json\/wp\/v2\/pages\/3769\" class=\"taxo-link taxo-domaine-etude-de-cas active\">Tous<\/a><a href=\"https:\/\/preprod.nanomade.com\/fr\/wp-json\/wp\/v2\/pages\/3769?domaine=aeronautique\" class=\"taxo-link taxo-domaine-etude-de-cas\">A\u00e9ronautique<\/a><a href=\"https:\/\/preprod.nanomade.com\/fr\/wp-json\/wp\/v2\/pages\/3769?domaine=automobile\" class=\"taxo-link taxo-domaine-etude-de-cas\">Automobile<\/a><a href=\"https:\/\/preprod.nanomade.com\/fr\/wp-json\/wp\/v2\/pages\/3769?domaine=electronique-grand-public\" class=\"taxo-link taxo-domaine-etude-de-cas\">\u00c9lectronique Grand Public<\/a><a href=\"https:\/\/preprod.nanomade.com\/fr\/wp-json\/wp\/v2\/pages\/3769?domaine=sante-fr\" class=\"taxo-link taxo-domaine-etude-de-cas\">Sant\u00e9<\/a><\/div><div class=\"taxo-row technos\"><a href=\"https:\/\/preprod.nanomade.com\/fr\/wp-json\/wp\/v2\/pages\/3769\" class=\"taxo-link taxo-techno-etude-de-cas active\">Tous<\/a><a href=\"https:\/\/preprod.nanomade.com\/fr\/wp-json\/wp\/v2\/pages\/3769?techno=deformation-des-structures\" class=\"taxo-link taxo-techno-etude-de-cas\">D\u00e9formation des structures<\/a><a href=\"https:\/\/preprod.nanomade.com\/fr\/wp-json\/wp\/v2\/pages\/3769?techno=suivi-de-sante\" class=\"taxo-link taxo-techno-etude-de-cas\">Suivi de sant\u00e9<\/a><a href=\"https:\/\/preprod.nanomade.com\/fr\/wp-json\/wp\/v2\/pages\/3769?techno=touch-fr\" class=\"taxo-link taxo-techno-etude-de-cas\">Touch<\/a><\/div><\/div><\/p>\n\n<\/div>\n<\/div>\n<\/div>\n\n<div class=\"gb-container gb-container-b5390f1a\">\n<div class=\"gb-container gb-container-7c46d95b\">\n\n<div class=\"gb-grid-wrapper gb-grid-wrapper-042723d6 etudes-de-cas-loop gb-query-loop-wrapper\">\n<div class=\"gb-grid-column gb-grid-column-031abda4 gb-query-loop-item post-4985 etude-de-cas type-etude-de-cas status-publish has-post-thumbnail hentry domaine-etude-de-cas-sante-fr techno-etude-de-cas-suivi-de-sante\"><div class=\"gb-container gb-container-031abda4 etude-cas-encart\">\n<div class=\"gb-container gb-container-f672d219\" style=\"background-image: url(https:\/\/preprod.nanomade.com\/wp-content\/uploads\/2025\/07\/smart-bed-data-2.jpg);\">\n<p class=\"gb-headline gb-headline-6ca72fce gb-headline-text\"><span class=\"post-term-item term-sante-fr\">Sant\u00e9<\/span><\/p>\n\n<p class=\"gb-headline gb-headline-94f57454 gb-headline-text\"><span class=\"post-term-item term-suivi-de-sante\">Suivi de sant\u00e9<\/span><\/p>\n<\/div>\n\n<div class=\"gb-container gb-container-0ccd3792\">\n<div class=\"gb-container gb-container-e35e924f\">\n<h2 class=\"gb-headline gb-headline-79d55c74 gb-headline-text\">Lit intelligent<\/h2>\n\n<div class=\"gb-container gb-container-eeb0eb9d\">\n<p><p>Les utilisateurs souhaitent surveiller leur sant\u00e9 et la qualit\u00e9 de leur sommeil de mani\u00e8re p&#8230;<\/p>\n\n<\/div>\n<\/div>\n\n<div class=\"gb-container gb-container-5332f8c0\">\n<p><p class=\"view-etude-modal\" data-id=\"4985\">Voir la fiche<\/p><\/p>\n\n<\/div>\n<\/div>\n<\/div><\/div>\n\n<div class=\"gb-grid-column gb-grid-column-031abda4 gb-query-loop-item post-4034 etude-de-cas type-etude-de-cas status-publish has-post-thumbnail hentry domaine-etude-de-cas-electronique-grand-public techno-etude-de-cas-touch-fr\"><div class=\"gb-container gb-container-031abda4 etude-cas-encart\">\n<div class=\"gb-container gb-container-f672d219\" style=\"background-image: url(https:\/\/preprod.nanomade.com\/wp-content\/uploads\/2025\/02\/Metal-control-3.png);\">\n<p class=\"gb-headline gb-headline-6ca72fce gb-headline-text\"><span class=\"post-term-item term-electronique-grand-public\">\u00c9lectronique Grand Public<\/span><\/p>\n\n<p class=\"gb-headline gb-headline-94f57454 gb-headline-text\"><span class=\"post-term-item term-touch-fr\">Touch<\/span><\/p>\n<\/div>\n\n<div class=\"gb-container gb-container-0ccd3792\">\n<div class=\"gb-container gb-container-e35e924f\">\n<h2 class=\"gb-headline gb-headline-79d55c74 gb-headline-text\">M\u00e9tal IHM<\/h2>\n\n<div class=\"gb-container gb-container-eeb0eb9d\">\n<p><p class=\"p1\">Les produits de consommation, tels que les appareils \u00e9lectroniques ou \u00e9lectrom\u00e9na&#8230;<\/p>\n\n<\/div>\n<\/div>\n\n<div class=\"gb-container gb-container-5332f8c0\">\n<p><p class=\"view-etude-modal\" data-id=\"4034\">Voir la fiche<\/p><\/p>\n\n<\/div>\n<\/div>\n<\/div><\/div>\n\n<div class=\"gb-grid-column gb-grid-column-031abda4 gb-query-loop-item post-4033 etude-de-cas type-etude-de-cas status-publish has-post-thumbnail hentry domaine-etude-de-cas-aeronautique techno-etude-de-cas-deformation-des-structures\"><div class=\"gb-container gb-container-031abda4 etude-cas-encart\">\n<div class=\"gb-container gb-container-f672d219\" style=\"background-image: url(https:\/\/preprod.nanomade.com\/wp-content\/uploads\/2025\/07\/impact-detection-final.png);\">\n<p class=\"gb-headline gb-headline-6ca72fce gb-headline-text\"><span class=\"post-term-item term-aeronautique\">A\u00e9ronautique<\/span><\/p>\n\n<p class=\"gb-headline gb-headline-94f57454 gb-headline-text\"><span class=\"post-term-item term-deformation-des-structures\">D\u00e9formation des structures<\/span><\/p>\n<\/div>\n\n<div class=\"gb-container gb-container-0ccd3792\">\n<div class=\"gb-container gb-container-e35e924f\">\n<h2 class=\"gb-headline gb-headline-79d55c74 gb-headline-text\">D\u00e9tection d&rsquo;impacts<\/h2>\n\n<div class=\"gb-container gb-container-eeb0eb9d\">\n<p><p class=\"p1\">La maintenance, la s\u00e9curit\u00e9 et l&rsquo;assurance des a\u00e9ronefs d\u00e9pendent fortement&#8230;<\/p>\n\n<\/div>\n<\/div>\n\n<div class=\"gb-container gb-container-5332f8c0\">\n<p><p class=\"view-etude-modal\" data-id=\"4033\">Voir la fiche<\/p><\/p>\n\n<\/div>\n<\/div>\n<\/div><\/div>\n\n<div class=\"gb-grid-column gb-grid-column-031abda4 gb-query-loop-item post-4023 etude-de-cas type-etude-de-cas status-publish has-post-thumbnail hentry domaine-etude-de-cas-aeronautique techno-etude-de-cas-deformation-des-structures\"><div class=\"gb-container gb-container-031abda4 etude-cas-encart\">\n<div class=\"gb-container gb-container-f672d219\" style=\"background-image: url(https:\/\/preprod.nanomade.com\/wp-content\/uploads\/2025\/02\/planes.png);\">\n<p class=\"gb-headline gb-headline-6ca72fce gb-headline-text\"><span class=\"post-term-item term-aeronautique\">A\u00e9ronautique<\/span><\/p>\n\n<p class=\"gb-headline gb-headline-94f57454 gb-headline-text\"><span class=\"post-term-item term-deformation-des-structures\">D\u00e9formation des structures<\/span><\/p>\n<\/div>\n\n<div class=\"gb-container gb-container-0ccd3792\">\n<div class=\"gb-container gb-container-e35e924f\">\n<h2 class=\"gb-headline gb-headline-79d55c74 gb-headline-text\">Surveillance du train d&rsquo;att\u00e9rissage<\/h2>\n\n<div class=\"gb-container gb-container-eeb0eb9d\">\n<p><p>Les exploitants d&rsquo;a\u00e9ronefs doivent surveiller l&rsquo;\u00e9tat des trains d&rsquo;atterris&#8230;<\/p>\n\n<\/div>\n<\/div>\n\n<div class=\"gb-container gb-container-5332f8c0\">\n<p><p class=\"view-etude-modal\" data-id=\"4023\">Voir la fiche<\/p><\/p>\n\n<\/div>\n<\/div>\n<\/div><\/div>\n\n<div class=\"gb-grid-column gb-grid-column-031abda4 gb-query-loop-item post-4001 etude-de-cas type-etude-de-cas status-publish has-post-thumbnail hentry domaine-etude-de-cas-automobile techno-etude-de-cas-touch-fr\"><div class=\"gb-container gb-container-031abda4 etude-cas-encart\">\n<div class=\"gb-container gb-container-f672d219\" style=\"background-image: url(https:\/\/preprod.nanomade.com\/wp-content\/uploads\/2025\/02\/JorisGaigne-27-scaled.jpg);\">\n<p class=\"gb-headline gb-headline-6ca72fce gb-headline-text\"><span class=\"post-term-item term-automobile\">Automobile<\/span><\/p>\n\n<p class=\"gb-headline gb-headline-94f57454 gb-headline-text\"><span class=\"post-term-item term-touch-fr\">Touch<\/span><\/p>\n<\/div>\n\n<div class=\"gb-container gb-container-0ccd3792\">\n<div class=\"gb-container gb-container-e35e924f\">\n<h2 class=\"gb-headline gb-headline-79d55c74 gb-headline-text\">Volant de direction<\/h2>\n\n<div class=\"gb-container gb-container-eeb0eb9d\">\n<p><p class=\"p1\">Les automobilistes recherchent des int\u00e9rieurs design et innovants, sans pour auta&#8230;<\/p>\n\n<\/div>\n<\/div>\n\n<div class=\"gb-container gb-container-5332f8c0\">\n<p><p class=\"view-etude-modal\" data-id=\"4001\">Voir la fiche<\/p><\/p>\n\n<\/div>\n<\/div>\n<\/div><\/div>\n\n<div class=\"gb-grid-column gb-grid-column-031abda4 gb-query-loop-item post-4000 etude-de-cas type-etude-de-cas status-publish has-post-thumbnail hentry domaine-etude-de-cas-automobile techno-etude-de-cas-touch-fr\"><div class=\"gb-container gb-container-031abda4 etude-cas-encart\">\n<div class=\"gb-container gb-container-f672d219\" style=\"background-image: url(https:\/\/preprod.nanomade.com\/wp-content\/uploads\/2025\/02\/touch-principe-1.jpg);\">\n<p class=\"gb-headline gb-headline-6ca72fce gb-headline-text\"><span class=\"post-term-item term-automobile\">Automobile<\/span><\/p>\n\n<p class=\"gb-headline gb-headline-94f57454 gb-headline-text\"><span class=\"post-term-item term-touch-fr\">Touch<\/span><\/p>\n<\/div>\n\n<div class=\"gb-container gb-container-0ccd3792\">\n<div class=\"gb-container gb-container-e35e924f\">\n<h2 class=\"gb-headline gb-headline-79d55c74 gb-headline-text\">Tableau de border interactif en bois<\/h2>\n\n<div class=\"gb-container gb-container-eeb0eb9d\">\n<p><p class=\"p1\">Les automobilistes recherchent des int\u00e9rieurs design et innovants, sans pour auta&#8230;<\/p>\n\n<\/div>\n<\/div>\n\n<div class=\"gb-container gb-container-5332f8c0\">\n<p><p class=\"view-etude-modal\" data-id=\"4000\">Voir la fiche<\/p><\/p>\n\n<\/div>\n<\/div>\n<\/div><\/div>\n\n<div class=\"gb-grid-column gb-grid-column-031abda4 gb-query-loop-item post-3985 etude-de-cas type-etude-de-cas status-publish has-post-thumbnail hentry domaine-etude-de-cas-electronique-grand-public techno-etude-de-cas-touch-fr\"><div class=\"gb-container gb-container-031abda4 etude-cas-encart\">\n<div class=\"gb-container gb-container-f672d219\" style=\"background-image: url(https:\/\/preprod.nanomade.com\/wp-content\/uploads\/2025\/02\/Side-commands-3.png);\">\n<p class=\"gb-headline gb-headline-6ca72fce gb-headline-text\"><span class=\"post-term-item term-electronique-grand-public\">\u00c9lectronique Grand Public<\/span><\/p>\n\n<p class=\"gb-headline gb-headline-94f57454 gb-headline-text\"><span class=\"post-term-item term-touch-fr\">Touch<\/span><\/p>\n<\/div>\n\n<div class=\"gb-container gb-container-0ccd3792\">\n<div class=\"gb-container gb-container-e35e924f\">\n<h2 class=\"gb-headline gb-headline-79d55c74 gb-headline-text\">Commandes sur le c\u00f4t\u00e9 du t\u00e9l\u00e9phone<\/h2>\n\n<div class=\"gb-container gb-container-eeb0eb9d\">\n<p><p class=\"p1\">Les smartphones et tablettes modernes sont dot\u00e9s de boutons physiques limit\u00e9s, ce&#8230;<\/p>\n\n<\/div>\n<\/div>\n\n<div class=\"gb-container gb-container-5332f8c0\">\n<p><p class=\"view-etude-modal\" data-id=\"3985\">Voir la fiche<\/p><\/p>\n\n<\/div>\n<\/div>\n<\/div><\/div>\n\n<div class=\"gb-grid-column gb-grid-column-031abda4 gb-query-loop-item post-3976 etude-de-cas type-etude-de-cas status-publish has-post-thumbnail hentry domaine-etude-de-cas-electronique-grand-public techno-etude-de-cas-touch-fr\"><div class=\"gb-container gb-container-031abda4 etude-cas-encart\">\n<div class=\"gb-container gb-container-f672d219\" style=\"background-image: url(https:\/\/preprod.nanomade.com\/wp-content\/uploads\/2025\/02\/using-smartphone-horizontally-two-hands-back-view-isolated-211446428.png);\">\n<p class=\"gb-headline gb-headline-6ca72fce gb-headline-text\"><span class=\"post-term-item term-electronique-grand-public\">\u00c9lectronique Grand Public<\/span><\/p>\n\n<p class=\"gb-headline gb-headline-94f57454 gb-headline-text\"><span class=\"post-term-item term-touch-fr\">Touch<\/span><\/p>\n<\/div>\n\n<div class=\"gb-container gb-container-0ccd3792\">\n<div class=\"gb-container gb-container-e35e924f\">\n<h2 class=\"gb-headline gb-headline-79d55c74 gb-headline-text\">Coque interactif en m\u00e9tal<\/h2>\n\n<div class=\"gb-container gb-container-eeb0eb9d\">\n<p><p class=\"p1\">Les utilisateurs de smartphones sont constamment \u00e0 la recherche de fonctionnalit\u00e9&#8230;<\/p>\n\n<\/div>\n<\/div>\n\n<div class=\"gb-container gb-container-5332f8c0\">\n<p><p class=\"view-etude-modal\" data-id=\"3976\">Voir la fiche<\/p><\/p>\n\n<\/div>\n<\/div>\n<\/div><\/div>\n\n<div class=\"gb-grid-column gb-grid-column-031abda4 gb-query-loop-item post-3962 etude-de-cas type-etude-de-cas status-publish has-post-thumbnail hentry domaine-etude-de-cas-electronique-grand-public techno-etude-de-cas-touch-fr\"><div class=\"gb-container gb-container-031abda4 etude-cas-encart\">\n<div class=\"gb-container gb-container-f672d219\" style=\"background-image: url(https:\/\/preprod.nanomade.com\/wp-content\/uploads\/2025\/02\/Capture-decran-2024-12-23-133526-1.png);\">\n<p class=\"gb-headline gb-headline-6ca72fce gb-headline-text\"><span class=\"post-term-item term-electronique-grand-public\">\u00c9lectronique Grand Public<\/span><\/p>\n\n<p class=\"gb-headline gb-headline-94f57454 gb-headline-text\"><span class=\"post-term-item term-touch-fr\">Touch<\/span><\/p>\n<\/div>\n\n<div class=\"gb-container gb-container-0ccd3792\">\n<div class=\"gb-container gb-container-e35e924f\">\n<h2 class=\"gb-headline gb-headline-79d55c74 gb-headline-text\">Lampe en bois et cuir tactile<\/h2>\n\n<div class=\"gb-container gb-container-eeb0eb9d\">\n<p><p class=\"p1\">Les utilisateurs recherchent des solutions intuitives et pratiques, design et mod&#8230;<\/p>\n\n<\/div>\n<\/div>\n\n<div class=\"gb-container gb-container-5332f8c0\">\n<p><p class=\"view-etude-modal\" data-id=\"3962\">Voir la fiche<\/p><\/p>\n\n<\/div>\n<\/div>\n<\/div><\/div>\n\n<div class=\"gb-grid-column gb-grid-column-031abda4 gb-query-loop-item post-3918 etude-de-cas type-etude-de-cas status-publish has-post-thumbnail hentry domaine-etude-de-cas-electronique-grand-public techno-etude-de-cas-touch-fr\"><div class=\"gb-container gb-container-031abda4 etude-cas-encart\">\n<div class=\"gb-container gb-container-f672d219\" style=\"background-image: url(https:\/\/preprod.nanomade.com\/wp-content\/uploads\/2025\/02\/ecigarette-with-touch-function.png);\">\n<p class=\"gb-headline gb-headline-6ca72fce gb-headline-text\"><span class=\"post-term-item term-electronique-grand-public\">\u00c9lectronique Grand Public<\/span><\/p>\n\n<p class=\"gb-headline gb-headline-94f57454 gb-headline-text\"><span class=\"post-term-item term-touch-fr\">Touch<\/span><\/p>\n<\/div>\n\n<div class=\"gb-container gb-container-0ccd3792\">\n<div class=\"gb-container gb-container-e35e924f\">\n<h2 class=\"gb-headline gb-headline-79d55c74 gb-headline-text\">Contact m\u00e9tallique sur cigarette \u00e9lectronique<\/h2>\n\n<div class=\"gb-container gb-container-eeb0eb9d\">\n<p><p>Les utilisateurs de cigarettes \u00e9lectroniques sont \u00e0 la recherche d&rsquo;appareils personnal&#8230;<\/p>\n\n<\/div>\n<\/div>\n\n<div class=\"gb-container gb-container-5332f8c0\">\n<p><p class=\"view-etude-modal\" data-id=\"3918\">Voir la fiche<\/p><\/p>\n\n<\/div>\n<\/div>\n<\/div><\/div>\n\n<div class=\"gb-grid-column gb-grid-column-031abda4 gb-query-loop-item post-3917 etude-de-cas type-etude-de-cas status-publish has-post-thumbnail hentry domaine-etude-de-cas-electronique-grand-public techno-etude-de-cas-touch-fr\"><div class=\"gb-container gb-container-031abda4 etude-cas-encart\">\n<div class=\"gb-container gb-container-f672d219\" style=\"background-image: url(https:\/\/preprod.nanomade.com\/wp-content\/uploads\/2025\/02\/img-luggage-smart-lock-scaled.jpg);\">\n<p class=\"gb-headline gb-headline-6ca72fce gb-headline-text\"><span class=\"post-term-item term-electronique-grand-public\">\u00c9lectronique Grand Public<\/span><\/p>\n\n<p class=\"gb-headline gb-headline-94f57454 gb-headline-text\"><span class=\"post-term-item term-touch-fr\">Touch<\/span><\/p>\n<\/div>\n\n<div class=\"gb-container gb-container-0ccd3792\">\n<div class=\"gb-container gb-container-e35e924f\">\n<h2 class=\"gb-headline gb-headline-79d55c74 gb-headline-text\">Verrouillage intelligent pour bagage<\/h2>\n\n<div class=\"gb-container gb-container-eeb0eb9d\">\n<p><p>Les utilisateurs de bagages recherchent des valises pratiques, robustes et s\u00e9curis\u00e9es, en pa&#8230;<\/p>\n\n<\/div>\n<\/div>\n\n<div class=\"gb-container gb-container-5332f8c0\">\n<p><p class=\"view-etude-modal\" data-id=\"3917\">Voir la fiche<\/p><\/p>\n\n<\/div>\n<\/div>\n<\/div><\/div>\n\n<div class=\"gb-grid-column gb-grid-column-031abda4 gb-query-loop-item post-3905 etude-de-cas type-etude-de-cas status-publish has-post-thumbnail hentry domaine-etude-de-cas-automobile techno-etude-de-cas-touch-fr\"><div class=\"gb-container gb-container-031abda4 etude-cas-encart\">\n<div class=\"gb-container gb-container-f672d219\" style=\"background-image: url(https:\/\/preprod.nanomade.com\/wp-content\/uploads\/2025\/02\/novares-context.png);\">\n<p class=\"gb-headline gb-headline-6ca72fce gb-headline-text\"><span class=\"post-term-item term-automobile\">Automobile<\/span><\/p>\n\n<p class=\"gb-headline gb-headline-94f57454 gb-headline-text\"><span class=\"post-term-item term-touch-fr\">Touch<\/span><\/p>\n<\/div>\n\n<div class=\"gb-container gb-container-0ccd3792\">\n<div class=\"gb-container gb-container-e35e924f\">\n<h2 class=\"gb-headline gb-headline-79d55c74 gb-headline-text\">L\u00e8ve-fen\u00eatres<\/h2>\n\n<div class=\"gb-container gb-container-eeb0eb9d\">\n<p><p>Les automobilistes recherchent des int\u00e9rieurs design et innovants, sans pour autant renoncer&#8230;<\/p>\n\n<\/div>\n<\/div>\n\n<div class=\"gb-container gb-container-5332f8c0\">\n<p><p class=\"view-etude-modal\" data-id=\"3905\">Voir la fiche<\/p><\/p>\n\n<\/div>\n<\/div>\n<\/div><\/div>\n\n<div class=\"gb-grid-column gb-grid-column-031abda4 gb-query-loop-item post-3887 etude-de-cas type-etude-de-cas status-publish has-post-thumbnail hentry domaine-etude-de-cas-sante-fr techno-etude-de-cas-deformation-des-structures\"><div class=\"gb-container gb-container-031abda4 etude-cas-encart\">\n<div class=\"gb-container gb-container-f672d219\" style=\"background-image: url(https:\/\/preprod.nanomade.com\/wp-content\/uploads\/2025\/02\/Dextrain-device-softw.png);\">\n<p class=\"gb-headline gb-headline-6ca72fce gb-headline-text\"><span class=\"post-term-item term-sante-fr\">Sant\u00e9<\/span><\/p>\n\n<p class=\"gb-headline gb-headline-94f57454 gb-headline-text\"><span class=\"post-term-item term-deformation-des-structures\">D\u00e9formation des structures<\/span><\/p>\n<\/div>\n\n<div class=\"gb-container gb-container-0ccd3792\">\n<div class=\"gb-container gb-container-e35e924f\">\n<h2 class=\"gb-headline gb-headline-79d55c74 gb-headline-text\">HomeRehab\u200b FR<\/h2>\n\n<div class=\"gb-container gb-container-eeb0eb9d\">\n<p><p>Les patients qui se remettent d&rsquo;une attaque c\u00e9r\u00e9brale sont \u00e0 la recherche de solutions&#8230;<\/p>\n\n<\/div>\n<\/div>\n\n<div class=\"gb-container gb-container-5332f8c0\">\n<p><p class=\"view-etude-modal\" data-id=\"3887\">Voir la fiche<\/p><\/p>\n\n<\/div>\n<\/div>\n<\/div><\/div>\n<\/div>\n\n<\/div>\n<\/div>","protected":false},"excerpt":{"rendered":"<p>\u00c9tudes de cas D\u00e9couvrez diverses applications avec nos capteurs quantiques int\u00e9gr\u00e9s. Les possibilit\u00e9s d&rsquo;int\u00e9gration sont tr\u00e8s vari\u00e9es et ouvrent des perspectives infinies.Et si vos id\u00e9es devenaient r\u00e9alit\u00e9\u00a0? Filtrer les r\u00e9sultats par application ou domaine d&rsquo;activit\u00e9 :<\/p>\n","protected":false},"author":2,"featured_media":0,"parent":0,"menu_order":0,"comment_status":"closed","ping_status":"closed","template":"","meta":{"_acf_changed":false,"_gspb_post_css":"","footnotes":""},"class_list":["post-3769","page","type-page","status-publish"],"acf":[],"_links":{"self":[{"href":"https:\/\/preprod.nanomade.com\/fr\/wp-json\/wp\/v2\/pages\/3769","targetHints":{"allow":["GET"]}}],"collection":[{"href":"https:\/\/preprod.nanomade.com\/fr\/wp-json\/wp\/v2\/pages"}],"about":[{"href":"https:\/\/preprod.nanomade.com\/fr\/wp-json\/wp\/v2\/types\/page"}],"author":[{"embeddable":true,"href":"https:\/\/preprod.nanomade.com\/fr\/wp-json\/wp\/v2\/users\/2"}],"replies":[{"embeddable":true,"href":"https:\/\/preprod.nanomade.com\/fr\/wp-json\/wp\/v2\/comments?post=3769"}],"version-history":[{"count":0,"href":"https:\/\/preprod.nanomade.com\/fr\/wp-json\/wp\/v2\/pages\/3769\/revisions"}],"wp:attachment":[{"href":"https:\/\/preprod.nanomade.com\/fr\/wp-json\/wp\/v2\/media?parent=3769"}],"curies":[{"name":"wp","href":"https:\/\/api.w.org\/{rel}","templated":true}]}}