{"id":4925,"date":"2025-07-21T08:04:11","date_gmt":"2025-07-21T08:04:11","guid":{"rendered":"https:\/\/www.nanomade.com\/?page_id=4925"},"modified":"2026-01-21T16:33:30","modified_gmt":"2026-01-21T16:33:30","slug":"notre-actualite","status":"publish","type":"page","link":"https:\/\/preprod.nanomade.com\/fr\/notre-actualite\/","title":{"rendered":"Notre actualit\u00e9"},"content":{"rendered":"<div class=\"gb-container gb-container-ccb64289\">\n<div class=\"gb-container gb-container-15a18e14\">\n<p><div class=\"crumbs\"><a href=\"https:\/\/preprod.nanomade.com\/fr\/\">Accueil<\/a>&nbsp;>&nbsp;<span class=\"current\">Page<\/span><\/div><\/p>\n\n<\/div>\n\n<div class=\"gb-container gb-container-5ebae9ee\">\n\n<h1 class=\"gb-headline gb-headline-dbb55dda gb-headline-text\">Notre actualit\u00e9<\/h1>\n\n\n\n<p class=\"gb-headline gb-headline-3ea24dc3 gb-headline-text\">Venez d\u00e9couvrir Nanomade et sa technologie de capteurs quantiques sur les salons et \u00e9v\u00e9nements internationaux<\/p>\n\n<\/div>\n<\/div>\n\n<div class=\"gb-container gb-container-78363bc4\">\n<div class=\"gb-container gb-container-1402b86e\">\n\n<p>Vous trouverez tous les salons auxquels nous avons particip\u00e9 pour pr\u00e9senter nos derni\u00e8res innovations. Ces \u00e9v\u00e9nements sont des occasions privil\u00e9gi\u00e9es de partager notre expertise, d&rsquo;\u00e9changer avec des partenaires et d&rsquo;explorer de nouvelles collaborations. <br>Parcourez l&rsquo;historique de nos \u00e9v\u00e9nements et restez inform\u00e9s de nos prochaines participations.<\/p>\n\n<\/div>\n\n<div class=\"gb-container gb-container-f3f9a164\">\n<div class=\"gb-container gb-container-19f8e719\">\n<div class=\"gb-grid-wrapper gb-grid-wrapper-a9f9626b\">\n<div class=\"gb-grid-column gb-grid-column-22865493\"><div class=\"gb-container gb-container-22865493\">\n\n<hr class=\"wp-block-separator has-text-color has-base-color has-alpha-channel-opacity has-base-background-color has-background\"\/>\n\n<\/div><\/div>\n\n<div class=\"gb-grid-column gb-grid-column-70f076aa\"><div class=\"gb-container gb-container-70f076aa\">\n<div class=\"gb-container gb-container-fab694c8\">\n\n<figure class=\"wp-block-image size-full\"><img loading=\"lazy\" decoding=\"async\" width=\"800\" height=\"450\" src=\"https:\/\/preprod.nanomade.com\/wp-content\/uploads\/2026\/01\/thumbnail_article_CES-1.jpg\" alt=\"\" class=\"wp-image-5292\" srcset=\"https:\/\/preprod.nanomade.com\/wp-content\/uploads\/2026\/01\/thumbnail_article_CES-1.jpg 800w, https:\/\/preprod.nanomade.com\/wp-content\/uploads\/2026\/01\/thumbnail_article_CES-1-300x169.jpg 300w, https:\/\/preprod.nanomade.com\/wp-content\/uploads\/2026\/01\/thumbnail_article_CES-1-768x432.jpg 768w, https:\/\/preprod.nanomade.com\/wp-content\/uploads\/2026\/01\/thumbnail_article_CES-1-600x338.jpg 600w\" sizes=\"auto, (max-width: 800px) 100vw, 800px\" \/><\/figure>\n\n<\/div>\n\n<div class=\"gb-container gb-container-a98da3eb\">\n\n<h3 class=\"gb-headline gb-headline-1a7079b6 gb-headline-text\">CES 2026<\/h3>\n\n\n\n<span class=\"gsbp-88cd2c8\">[6-9 Janvier 2026]<\/span>\n\n\n\n<p class=\"has-text-align-left\">Nous \u00e9tions pr\u00e9sents au plus grand salon mondial d\u00e9di\u00e9 \u00e0 l&rsquo;innovation, le CES 2026.<\/p>\n\n\n\n<p>Ce salon a \u00e9tait l&rsquo;occasion de pr\u00e9senter nos derni\u00e8res innovations en mati\u00e8re d&rsquo;interactions m\u00e9talliques avec retour haptique pour l\u2019\u00e9lectronique grand public, l\u2019automobile et l\u2019industrie.<\/p>\n\n\n\n<p class=\"has-text-align-left\"><\/p>\n\n\n\n<p class=\"has-text-align-left\"><\/p>\n\n<\/div>\n<\/div><\/div>\n<\/div>\n\n<div class=\"gb-grid-wrapper gb-grid-wrapper-d81a37b5\">\n<div class=\"gb-grid-column gb-grid-column-8aaf18ca\"><div class=\"gb-container gb-container-8aaf18ca\">\n\n<hr class=\"wp-block-separator has-text-color has-base-color has-alpha-channel-opacity has-base-background-color has-background\"\/>\n\n<\/div><\/div>\n\n<div class=\"gb-grid-column gb-grid-column-56ba586f\"><div class=\"gb-container gb-container-56ba586f\">\n<div class=\"gb-container gb-container-c4e14b0e\">\n\n<figure class=\"gb-block-image gb-block-image-8a61ae62\"><img loading=\"lazy\" decoding=\"async\" width=\"800\" height=\"450\" class=\"gb-image gb-image-8a61ae62\" src=\"https:\/\/preprod.nanomade.com\/wp-content\/uploads\/2025\/11\/thumbnail_image0-1.jpg\" alt=\"\" title=\"thumbnail_image0\" srcset=\"https:\/\/preprod.nanomade.com\/wp-content\/uploads\/2025\/11\/thumbnail_image0-1.jpg 800w, https:\/\/preprod.nanomade.com\/wp-content\/uploads\/2025\/11\/thumbnail_image0-1-300x169.jpg 300w, https:\/\/preprod.nanomade.com\/wp-content\/uploads\/2025\/11\/thumbnail_image0-1-768x432.jpg 768w, https:\/\/preprod.nanomade.com\/wp-content\/uploads\/2025\/11\/thumbnail_image0-1-600x338.jpg 600w\" sizes=\"auto, (max-width: 800px) 100vw, 800px\" \/><\/figure>\n\n<\/div>\n\n<div class=\"gb-container gb-container-99fea4ba\">\n\n<h3 class=\"gb-headline gb-headline-cb6897c4 gb-headline-text\">Advanced Engineering<\/h3>\n\n\n\n<span class=\"gsbp-02efa12\">[29-30 Octobre 2025]<\/span>\n\n\n\n<p class=\"has-text-align-left\">Nous \u00e9tions \u00e0 l\u2019Advanced Engineering 2025 repr\u00e9sent\u00e9s par notre partenaire Strathcarron.<br>Cet \u00e9v\u00e9nement \u00e9tait une bonne opportunit\u00e9 de mettre en avant nos technologies innovantes de d\u00e9tection de surfaces intelligentes et d\u2019interaction, en pr\u00e9sentant des solutions concr\u00e8tes qui rendent les processus industriels plus intuitifs et efficaces.<\/p>\n\n\n\n<p class=\"has-text-align-left\"><\/p>\n\n<\/div>\n<\/div><\/div>\n\n<div class=\"gb-grid-column gb-grid-column-24e0eccf\"><div class=\"gb-container gb-container-24e0eccf\">\n\n<hr class=\"wp-block-separator has-text-color has-base-color has-alpha-channel-opacity has-base-background-color has-background\"\/>\n\n<\/div><\/div>\n\n<div class=\"gb-grid-column gb-grid-column-2f2527ac\"><div class=\"gb-container gb-container-2f2527ac\">\n<div class=\"gb-container gb-container-5bf76f81\">\n\n<figure class=\"gb-block-image gb-block-image-673d7c22\"><img loading=\"lazy\" decoding=\"async\" width=\"450\" height=\"337\" class=\"gb-image gb-image-673d7c22\" src=\"https:\/\/preprod.nanomade.com\/wp-content\/uploads\/2025\/11\/sc-40th-for-web-1.webp\" alt=\"\" title=\"sc-40th-for-web\" srcset=\"https:\/\/preprod.nanomade.com\/wp-content\/uploads\/2025\/11\/sc-40th-for-web-1.webp 450w, https:\/\/preprod.nanomade.com\/wp-content\/uploads\/2025\/11\/sc-40th-for-web-1-300x225.webp 300w\" sizes=\"auto, (max-width: 450px) 100vw, 450px\" \/><\/figure>\n\n<\/div>\n\n<div class=\"gb-container gb-container-eb261f10\">\n\n<h3 class=\"gb-headline gb-headline-2c73873b gb-headline-text\">Sensor Converge<\/h3>\n\n\n\n<span class=\"gsbp-22fbf1d\">[24-26 Juin 2025]<\/span>\n\n\n\n<p class=\"has-text-align-left\">Sensors Converge 2025 \u00e0 Santa Clara \u2014 l\u2019\u00e9v\u00e9nement incontournable pour l\u2019innovation dans les technologies de capteurs et de surfaces intelligentes.<br>Nous avons \u00e9t\u00e9 ravis de pr\u00e9senter nos derni\u00e8res avanc\u00e9es en mati\u00e8re de d\u00e9tection de surfaces et d\u2019interaction avec les interfaces, d\u00e9montrant comment nos solutions fa\u00e7onnent l\u2019avenir de l\u2019interaction entre l\u2019humain et la mati\u00e8re.<\/p>\n\n\n\n<p class=\"has-text-align-left\"><\/p>\n\n<\/div>\n<\/div><\/div>\n\n<div class=\"gb-grid-column gb-grid-column-976c2d2b\"><div class=\"gb-container gb-container-976c2d2b\">\n\n<hr class=\"wp-block-separator has-text-color has-base-color has-alpha-channel-opacity has-base-background-color has-background\"\/>\n\n<\/div><\/div>\n\n<div class=\"gb-grid-column gb-grid-column-77c4082f\"><div class=\"gb-container gb-container-77c4082f\">\n<div class=\"gb-container gb-container-d7ef3a73\">\n\n<figure class=\"gb-block-image gb-block-image-8c918395\"><img loading=\"lazy\" decoding=\"async\" width=\"400\" height=\"200\" class=\"gb-image gb-image-8c918395\" src=\"https:\/\/preprod.nanomade.com\/wp-content\/uploads\/2025\/11\/img.swapcard.com_-1.png\" alt=\"\" title=\"img.swapcard.com\" srcset=\"https:\/\/preprod.nanomade.com\/wp-content\/uploads\/2025\/11\/img.swapcard.com_-1.png 400w, https:\/\/preprod.nanomade.com\/wp-content\/uploads\/2025\/11\/img.swapcard.com_-1-300x150.png 300w\" sizes=\"auto, (max-width: 400px) 100vw, 400px\" \/><\/figure>\n\n<\/div>\n\n<div class=\"gb-container gb-container-e3db33ea\">\n\n<h3 class=\"gb-headline gb-headline-727c8c83 gb-headline-text\">Move<\/h3>\n\n\n\n<span class=\"gsbp-7868cd7\">[18-19 Juin 2025]<\/span>\n\n\n\n<p class=\"has-text-align-left\">Nous sommes ravis d&rsquo;avoir particip\u00e9 \u00e0 MOVE London, l\u2019un des principaux \u00e9v\u00e9nements d\u00e9di\u00e9s \u00e0 l\u2019innovation dans la mobilit\u00e9. Avec notre CMO, Claire de Courtivron, nous avons pr\u00e9sent\u00e9 nos derni\u00e8res avanc\u00e9es en mati\u00e8re de technologie de capteurs \u2014 red\u00e9finissant la mani\u00e8re dont les humains interagissent avec les solutions de mobilit\u00e9 de demain.<\/p>\n\n<\/div>\n<\/div><\/div>\n\n<div class=\"gb-grid-column gb-grid-column-bc61d665\"><div class=\"gb-container gb-container-bc61d665\">\n\n<hr class=\"wp-block-separator has-text-color has-base-color has-alpha-channel-opacity has-base-background-color has-background\"\/>\n\n<\/div><\/div>\n\n<div class=\"gb-grid-column gb-grid-column-675d65f4\"><div class=\"gb-container gb-container-675d65f4\">\n<div class=\"gb-container gb-container-ddbaf718\">\n\n<figure class=\"gb-block-image gb-block-image-9f754557\"><img loading=\"lazy\" decoding=\"async\" width=\"850\" height=\"478\" class=\"gb-image gb-image-9f754557\" src=\"https:\/\/preprod.nanomade.com\/wp-content\/uploads\/2025\/11\/LOGO-850-vivatech.png-2.webp\" alt=\"\" title=\"LOGO-850-vivatech.png\" srcset=\"https:\/\/preprod.nanomade.com\/wp-content\/uploads\/2025\/11\/LOGO-850-vivatech.png-2.webp 850w, https:\/\/preprod.nanomade.com\/wp-content\/uploads\/2025\/11\/LOGO-850-vivatech.png-2-300x169.webp 300w, https:\/\/preprod.nanomade.com\/wp-content\/uploads\/2025\/11\/LOGO-850-vivatech.png-2-768x432.webp 768w, https:\/\/preprod.nanomade.com\/wp-content\/uploads\/2025\/11\/LOGO-850-vivatech.png-2-600x337.webp 600w\" sizes=\"auto, (max-width: 850px) 100vw, 850px\" \/><\/figure>\n\n<\/div>\n\n<div class=\"gb-container gb-container-1b3861c1\">\n\n<h3 class=\"gb-headline gb-headline-f977211d gb-headline-text\">Vivatech 2025<\/h3>\n\n\n\n<span class=\"gsbp-88cd2c8\">[11-14 Juin 2025]<\/span>\n\n\n\n<p class=\"has-text-align-left\">Cette ann\u00e9e nous \u00e9tions \u00e0 VivaTech pour exposer notre technologie de capteur innovante qui repense la mani\u00e8re d&rsquo;interagir avec les surfaces, des mat\u00e9riaux intelligents aux interfaces utilisateurs intuitives et au-del\u00e0.<\/p>\n\n\n\n<p class=\"has-text-align-left\"><\/p>\n\n<\/div>\n<\/div><\/div>\n<\/div>\n\n<div class=\"gb-grid-wrapper gb-grid-wrapper-faeac7a4\">\n<div class=\"gb-grid-column gb-grid-column-1e27f1d4\"><div class=\"gb-container gb-container-1e27f1d4\">\n\n<hr class=\"wp-block-separator has-text-color has-base-color has-alpha-channel-opacity has-base-background-color has-background\"\/>\n\n<\/div><\/div>\n\n<div class=\"gb-grid-column gb-grid-column-76973e84\"><div class=\"gb-container gb-container-76973e84\">\n<div class=\"gb-container gb-container-7f87e074\">\n\n<figure class=\"gb-block-image gb-block-image-15c68dc3\"><img loading=\"lazy\" decoding=\"async\" width=\"323\" height=\"209\" class=\"gb-image gb-image-15c68dc3\" src=\"https:\/\/preprod.nanomade.com\/wp-content\/uploads\/2025\/04\/touch-taiwan-25.jpg\" alt=\"\" title=\"touch-taiwan-25\" srcset=\"https:\/\/preprod.nanomade.com\/wp-content\/uploads\/2025\/04\/touch-taiwan-25.jpg 323w, https:\/\/preprod.nanomade.com\/wp-content\/uploads\/2025\/04\/touch-taiwan-25-300x194.jpg 300w\" sizes=\"auto, (max-width: 323px) 100vw, 323px\" \/><\/figure>\n\n<\/div>\n\n<div class=\"gb-container gb-container-477032bf\">\n\n<h3 class=\"gb-headline gb-headline-e4e95e36 gb-headline-text\">Touch TAIWAN<\/h3>\n\n\n\n<span class=\"gsbp-22fbf1d\">[16-18 avril 2025]<\/span>\n\n\n\n<p class=\"has-text-align-left\">Touch Taiwan, l&rsquo;un des \u00e9v\u00e9nements les plus importants d&rsquo;Asie pour les technologies d&rsquo;affichage et d&rsquo;interaction, et Nanomade est fier d&rsquo;y \u00eatre !<br>Notre CMO, Claire de Courtivron, et CEO, Jean-Claude Rassou, \u00e9taient sur place pour pr\u00e9senter nos capteurs quantiques de d\u00e9formation ultra-sensibles qui permettent la force et le toucher avec notre technologie \u00ab\u00a0Force &amp; Touch\u00a0\u00bb, m\u00eame sur des mat\u00e9riaux comme le m\u00e9tal et le verre.<br>Des formats personnalisables \u00e0 une sensibilit\u00e9 in\u00e9gal\u00e9e, notre solution fa\u00e7onne l&rsquo;avenir de l&rsquo;interaction dans l&rsquo;\u00e9lectronique grand public, l&rsquo;automobile et l&rsquo;a\u00e9rospatiale. <\/p>\n\n\n\n<p class=\"has-text-align-left\"><\/p>\n\n<\/div>\n<\/div><\/div>\n\n<div class=\"gb-grid-column gb-grid-column-3064e1fc\"><div class=\"gb-container gb-container-3064e1fc\">\n\n<hr class=\"wp-block-separator has-text-color has-base-color has-alpha-channel-opacity has-base-background-color has-background\"\/>\n\n<\/div><\/div>\n\n<div class=\"gb-grid-column gb-grid-column-b6abed54\"><div class=\"gb-container gb-container-b6abed54\">\n<div class=\"gb-container gb-container-151b441e\">\n\n<figure class=\"gb-block-image gb-block-image-fcd2a8f4\"><img loading=\"lazy\" decoding=\"async\" width=\"323\" height=\"209\" class=\"gb-image gb-image-fcd2a8f4\" src=\"https:\/\/preprod.nanomade.com\/wp-content\/uploads\/2025\/04\/logo-innoEx.png\" alt=\"\" title=\"logo-innoEx\" srcset=\"https:\/\/preprod.nanomade.com\/wp-content\/uploads\/2025\/04\/logo-innoEx.png 323w, https:\/\/preprod.nanomade.com\/wp-content\/uploads\/2025\/04\/logo-innoEx-300x194.png 300w\" sizes=\"auto, (max-width: 323px) 100vw, 323px\" \/><\/figure>\n\n<\/div>\n\n<div class=\"gb-container gb-container-5d1c48b0\">\n\n<h3 class=\"gb-headline gb-headline-1de3ea45 gb-headline-text\">InnoEx Hong Kong <\/h3>\n\n\n\n<span class=\"gsbp-7868cd7\">[12-16 avril 2025]<\/span>\n\n\n\n<p class=\"has-text-align-left\">Au salon InnoEX Hong Kong, Nanomade s&rsquo;est distingu\u00e9e par ses capteurs quantiques intelligents et flexibles transformant n&rsquo;importe quelle surface en interface tactile. Une technologie unique qui fa\u00e7onne l&rsquo;avenir de l&rsquo;interaction homme-machine. Notre mission, une innovation durable et intuitive con\u00e7ue pour transformer les exp\u00e9riences du quotidien. Nanomade refl\u00e8te fi\u00e8rement l&rsquo;esprit audacieux des startups fran\u00e7aises \u00e0 fort impact. Lire l&rsquo;article complet <a href=\"https:\/\/computexdaily.com\/2025\/05\/21\/french-startups-characterized-by-sustainability-and-human-machine-interactions\/?amp\" data-type=\"link\" data-id=\"https:\/\/computexdaily.com\/2025\/05\/21\/french-startups-characterized-by-sustainability-and-human-machine-interactions\/?amp\" target=\"_blank\" rel=\"noreferrer noopener\">ici<\/a>.<\/p>\n\n<\/div>\n<\/div><\/div>\n\n<div class=\"gb-grid-column gb-grid-column-ed919746\"><div class=\"gb-container gb-container-ed919746\">\n\n<hr class=\"wp-block-separator has-text-color has-base-color has-alpha-channel-opacity has-base-background-color has-background\"\/>\n\n<\/div><\/div>\n\n<div class=\"gb-grid-column gb-grid-column-e070a0dd\"><div class=\"gb-container gb-container-e070a0dd\">\n<div class=\"gb-container gb-container-9031ed11\">\n\n<figure class=\"gb-block-image gb-block-image-610170c8\"><img loading=\"lazy\" decoding=\"async\" width=\"323\" height=\"209\" class=\"gb-image gb-image-610170c8\" src=\"https:\/\/preprod.nanomade.com\/wp-content\/uploads\/2025\/04\/sofins-25.jpg\" alt=\"\" title=\"sofins-25\" srcset=\"https:\/\/preprod.nanomade.com\/wp-content\/uploads\/2025\/04\/sofins-25.jpg 323w, https:\/\/preprod.nanomade.com\/wp-content\/uploads\/2025\/04\/sofins-25-300x194.jpg 300w\" sizes=\"auto, (max-width: 323px) 100vw, 323px\" \/><\/figure>\n\n<\/div>\n\n<div class=\"gb-container gb-container-fc017f67\">\n\n<h3 class=\"gb-headline gb-headline-34e9295b gb-headline-text\">Sofins 2025<\/h3>\n\n\n\n<span class=\"gsbp-88cd2c8\">[1-2-3 avril 2025]<\/span>\n\n\n\n<p class=\"has-text-align-left\">Nanomade a particip\u00e9 \u00e0 cet \u00e9v\u00e9nement majeur d\u00e9di\u00e9 aux forces sp\u00e9ciales et \u00e0 l&rsquo;innovation en mati\u00e8re de d\u00e9fense. Nous y avons pr\u00e9sent\u00e9 notre technologie de capteurs de pointe, con\u00e7ue pour am\u00e9liorer les applications critiques gr\u00e2ce \u00e0 des solutions ultra-fines, flexibles et hautement durables. Qu&rsquo;il s&rsquo;agisse d&rsquo;IHM avanc\u00e9es, de surveillance physiologique en temps r\u00e9el ou de mesure de l&rsquo;int\u00e9grit\u00e9 structurelle, notre technologie est con\u00e7ue pour les environnements les plus exigeants.<\/p>\n\n\n\n<p class=\"has-text-align-left\"><\/p>\n\n<\/div>\n<\/div><\/div>\n<\/div>\n<\/div>\n<\/div>\n\n\n<p><\/p>\n\n<\/div>","protected":false},"excerpt":{"rendered":"<p>Notre actualit\u00e9 Venez d\u00e9couvrir Nanomade et sa technologie de capteurs quantiques sur les salons et \u00e9v\u00e9nements internationaux Vous trouverez tous les salons auxquels nous avons particip\u00e9 pour pr\u00e9senter nos derni\u00e8res innovations. Ces \u00e9v\u00e9nements sont des occasions privil\u00e9gi\u00e9es de partager notre expertise, d&rsquo;\u00e9changer avec des partenaires et d&rsquo;explorer de nouvelles collaborations. Parcourez l&rsquo;historique de nos \u00e9v\u00e9nements &#8230; <a title=\"Notre actualit\u00e9\" class=\"read-more\" href=\"https:\/\/preprod.nanomade.com\/fr\/notre-actualite\/\" aria-label=\"En savoir plus sur Notre actualit\u00e9\">Lire plus<\/a><\/p>\n","protected":false},"author":5,"featured_media":0,"parent":0,"menu_order":0,"comment_status":"closed","ping_status":"closed","template":"","meta":{"_acf_changed":false,"_gspb_post_css":".gsbp-22fbf1d,.gsbp-7868cd7,.gsbp-88cd2c8{color:var(--wp--preset--color--contrast-3, var(--contrast-3))}","footnotes":""},"class_list":["post-4925","page","type-page","status-publish"],"acf":[],"_links":{"self":[{"href":"https:\/\/preprod.nanomade.com\/fr\/wp-json\/wp\/v2\/pages\/4925","targetHints":{"allow":["GET"]}}],"collection":[{"href":"https:\/\/preprod.nanomade.com\/fr\/wp-json\/wp\/v2\/pages"}],"about":[{"href":"https:\/\/preprod.nanomade.com\/fr\/wp-json\/wp\/v2\/types\/page"}],"author":[{"embeddable":true,"href":"https:\/\/preprod.nanomade.com\/fr\/wp-json\/wp\/v2\/users\/5"}],"replies":[{"embeddable":true,"href":"https:\/\/preprod.nanomade.com\/fr\/wp-json\/wp\/v2\/comments?post=4925"}],"version-history":[{"count":0,"href":"https:\/\/preprod.nanomade.com\/fr\/wp-json\/wp\/v2\/pages\/4925\/revisions"}],"wp:attachment":[{"href":"https:\/\/preprod.nanomade.com\/fr\/wp-json\/wp\/v2\/media?parent=4925"}],"curies":[{"name":"wp","href":"https:\/\/api.w.org\/{rel}","templated":true}]}}