{"id":4935,"date":"2025-07-18T09:15:39","date_gmt":"2025-07-18T09:15:39","guid":{"rendered":"https:\/\/www.nanomade.com\/?page_id=4935"},"modified":"2025-07-30T14:14:39","modified_gmt":"2025-07-30T14:14:39","slug":"plan-de-site","status":"publish","type":"page","link":"https:\/\/preprod.nanomade.com\/fr\/plan-de-site\/","title":{"rendered":"Plan de site"},"content":{"rendered":"<div class=\"gb-container gb-container-ccb64289\">\n<div class=\"gb-container gb-container-0fa7a5e6\">\n<div class=\"gb-container gb-container-e6fb7450\">\n<p><div class=\"crumbs\"><a href=\"https:\/\/preprod.nanomade.com\/fr\/\">Accueil<\/a>&nbsp;>&nbsp;<span class=\"current\">Page<\/span><\/div><\/p>\n\n<\/div>\n\n<div class=\"gb-container gb-container-5ebae9ee\">\n\n<h1 class=\"gb-headline gb-headline-dbb55dda gb-headline-text\">Plan de site<\/h1>\n\n<\/div>\n<\/div>\n<\/div>\n\n<div class=\"gb-container gb-container-258d0c23\">\n<div class=\"gb-container gb-container-ae0f6818\">\n\n<h2 class=\"gb-headline gb-headline-89f815b7 gb-headline-text\"><mark class=\"gb-highlight\">Pages<\/mark> du site<\/h2>\n\n\n\n<p class=\"gb-headline gb-headline-7bd9dbbe gb-headline-text\"><a href=\"https:\/\/preprod.nanomade.com\/fr\/\" data-type=\"page\" data-id=\"13\">Accueil<\/a><\/p>\n\n\n\n<p class=\"gb-headline gb-headline-3ebcb0b0 gb-headline-text\"><a href=\"https:\/\/preprod.nanomade.com\/fr\/capteurs-detection-de-deformation-sensibles\/\" data-type=\"page\" data-id=\"470\">Technologie<\/a><\/p>\n\n\n\n<p class=\"gb-headline gb-headline-f6e2b4c5 gb-headline-text\"><a href=\"https:\/\/preprod.nanomade.com\/fr\/force-et-touch-capteur-deformation\/\" data-type=\"link\" data-id=\"https:\/\/preprod.nanomade.com\/en\/forcetouch-deformation-sensor\/\">Force &amp; Touch<\/a><\/p>\n\n\n\n<p class=\"gb-headline gb-headline-7275bbd1 gb-headline-text\"><a href=\"https:\/\/preprod.nanomade.com\/fr\/suivi-de-sante-capteur-deformation\/\" data-type=\"link\" data-id=\"https:\/\/preprod.nanomade.com\/fr\/suivi-de-sante-capteur-deformation\/\">Pulse Monitoring<\/a><\/p>\n\n\n\n<p class=\"gb-headline gb-headline-ae43a989 gb-headline-text\"><a href=\"https:\/\/preprod.nanomade.com\/fr\/deformation-structure-capteurs-de-deformation\/\" data-type=\"link\" data-id=\"https:\/\/preprod.nanomade.com\/en\/forcetouch-deformation-sensor\/\">Structure Monitoring<\/a><\/p>\n\n\n\n<p class=\"gb-headline gb-headline-994d900f gb-headline-text\"><a href=\"https:\/\/preprod.nanomade.com\/fr\/bureau-detude-capteurs-quantiques\/\" data-type=\"link\" data-id=\"https:\/\/preprod.nanomade.com\/fr\/bureau-detude-capteurs-quantiques\">Bureau d&rsquo;\u00e9tude<\/a><\/p>\n\n\n\n<p class=\"gb-headline gb-headline-2dbcc8b3 gb-headline-text\"><a href=\"https:\/\/preprod.nanomade.com\/fr\/production-capteurs-deformation\/\" data-type=\"link\" data-id=\"https:\/\/preprod.nanomade.com\/fr\/production-capteurs-deformation\/\">Production<\/a><\/p>\n\n\n\n<p class=\"gb-headline gb-headline-9c87f8bf gb-headline-text\"><a href=\"https:\/\/preprod.nanomade.com\/fr\/nos-etudes-de-cas\/\" data-type=\"link\" data-id=\"https:\/\/preprod.nanomade.com\/fr\/nos-etudes-de-cas\/\">Nos \u00e9tudes de cas<\/a><\/p>\n\n\n\n<p class=\"gb-headline gb-headline-e30c6c1c gb-headline-text\"><a href=\"https:\/\/preprod.nanomade.com\/fr\/boutique\/\" data-type=\"link\" data-id=\"https:\/\/preprod.nanomade.com\/fr\/boutique\/\">Boutique<\/a><\/p>\n\n\n\n<p class=\"gb-headline gb-headline-1a1ff586 gb-headline-text\"><a href=\"https:\/\/preprod.nanomade.com\/fr\/contactez-nous-nanomade\/\" data-type=\"link\" data-id=\"https:\/\/preprod.nanomade.com\/fr\/contactez-nous-nanomade\/\">Contact<\/a><\/p>\n\n<\/div>\n\n<div class=\"gb-container gb-container-77dcdba2\">\n\n<h2 class=\"gb-headline gb-headline-b93d183e gb-headline-text\">Nos <mark class=\"gb-highlight\">\u00e9tudes de cas<\/mark><\/h2>\n\n\n\n<div class=\"gb-grid-wrapper gb-grid-wrapper-042723d6 etudes-de-cas-loop gb-query-loop-wrapper\">\n<div class=\"gb-grid-column gb-grid-column-031abda4 gb-query-loop-item post-4985 etude-de-cas type-etude-de-cas status-publish has-post-thumbnail hentry domaine-etude-de-cas-sante-fr techno-etude-de-cas-suivi-de-sante\"><div class=\"gb-container gb-container-031abda4\">\n<p class=\"gb-headline gb-headline-79d55c74 gb-headline-text\"><a href=\"https:\/\/preprod.nanomade.com\/fr\/etude-de-cas\/lit-intelligent\/\">Lit intelligent<\/a><\/p>\n<\/div><\/div>\n\n<div class=\"gb-grid-column gb-grid-column-031abda4 gb-query-loop-item post-4034 etude-de-cas type-etude-de-cas status-publish has-post-thumbnail hentry domaine-etude-de-cas-electronique-grand-public techno-etude-de-cas-touch-fr\"><div class=\"gb-container gb-container-031abda4\">\n<p class=\"gb-headline gb-headline-79d55c74 gb-headline-text\"><a href=\"https:\/\/preprod.nanomade.com\/fr\/etude-de-cas\/metal-hmi\/\">M\u00e9tal IHM<\/a><\/p>\n<\/div><\/div>\n\n<div class=\"gb-grid-column gb-grid-column-031abda4 gb-query-loop-item post-4033 etude-de-cas type-etude-de-cas status-publish has-post-thumbnail hentry domaine-etude-de-cas-aeronautique techno-etude-de-cas-deformation-des-structures\"><div class=\"gb-container gb-container-031abda4\">\n<p class=\"gb-headline gb-headline-79d55c74 gb-headline-text\"><a href=\"https:\/\/preprod.nanomade.com\/fr\/etude-de-cas\/detection-dimpacts\/\">D\u00e9tection d&rsquo;impacts<\/a><\/p>\n<\/div><\/div>\n\n<div class=\"gb-grid-column gb-grid-column-031abda4 gb-query-loop-item post-4023 etude-de-cas type-etude-de-cas status-publish has-post-thumbnail hentry domaine-etude-de-cas-aeronautique techno-etude-de-cas-deformation-des-structures\"><div class=\"gb-container gb-container-031abda4\">\n<p class=\"gb-headline gb-headline-79d55c74 gb-headline-text\"><a href=\"https:\/\/preprod.nanomade.com\/fr\/etude-de-cas\/surveillance-du-train-datterrissage\/\">Surveillance du train d&rsquo;att\u00e9rissage<\/a><\/p>\n<\/div><\/div>\n\n<div class=\"gb-grid-column gb-grid-column-031abda4 gb-query-loop-item post-4001 etude-de-cas type-etude-de-cas status-publish has-post-thumbnail hentry domaine-etude-de-cas-automobile techno-etude-de-cas-touch-fr\"><div class=\"gb-container gb-container-031abda4\">\n<p class=\"gb-headline gb-headline-79d55c74 gb-headline-text\"><a href=\"https:\/\/preprod.nanomade.com\/fr\/etude-de-cas\/volant-de-direction\/\">Volant de direction<\/a><\/p>\n<\/div><\/div>\n\n<div class=\"gb-grid-column gb-grid-column-031abda4 gb-query-loop-item post-4000 etude-de-cas type-etude-de-cas status-publish has-post-thumbnail hentry domaine-etude-de-cas-automobile techno-etude-de-cas-touch-fr\"><div class=\"gb-container gb-container-031abda4\">\n<p class=\"gb-headline gb-headline-79d55c74 gb-headline-text\"><a href=\"https:\/\/preprod.nanomade.com\/fr\/etude-de-cas\/tableau-de-bord-interactif-en-bois\/\">Tableau de border interactif en bois<\/a><\/p>\n<\/div><\/div>\n\n<div class=\"gb-grid-column gb-grid-column-031abda4 gb-query-loop-item post-3985 etude-de-cas type-etude-de-cas status-publish has-post-thumbnail hentry domaine-etude-de-cas-electronique-grand-public techno-etude-de-cas-touch-fr\"><div class=\"gb-container gb-container-031abda4\">\n<p class=\"gb-headline gb-headline-79d55c74 gb-headline-text\"><a href=\"https:\/\/preprod.nanomade.com\/fr\/etude-de-cas\/commandes-sur-le-cote-du-telephone\/\">Commandes sur le c\u00f4t\u00e9 du t\u00e9l\u00e9phone<\/a><\/p>\n<\/div><\/div>\n\n<div class=\"gb-grid-column gb-grid-column-031abda4 gb-query-loop-item post-3976 etude-de-cas type-etude-de-cas status-publish has-post-thumbnail hentry domaine-etude-de-cas-electronique-grand-public techno-etude-de-cas-touch-fr\"><div class=\"gb-container gb-container-031abda4\">\n<p class=\"gb-headline gb-headline-79d55c74 gb-headline-text\"><a href=\"https:\/\/preprod.nanomade.com\/fr\/etude-de-cas\/coque-interactif-en-metal\/\">Coque interactif en m\u00e9tal<\/a><\/p>\n<\/div><\/div>\n\n<div class=\"gb-grid-column gb-grid-column-031abda4 gb-query-loop-item post-3962 etude-de-cas type-etude-de-cas status-publish has-post-thumbnail hentry domaine-etude-de-cas-electronique-grand-public techno-etude-de-cas-touch-fr\"><div class=\"gb-container gb-container-031abda4\">\n<p class=\"gb-headline gb-headline-79d55c74 gb-headline-text\"><a href=\"https:\/\/preprod.nanomade.com\/fr\/etude-de-cas\/lampe-en-bois-et-cuir-tactile\/\">Lampe en bois et cuir tactile<\/a><\/p>\n<\/div><\/div>\n\n<div class=\"gb-grid-column gb-grid-column-031abda4 gb-query-loop-item post-3918 etude-de-cas type-etude-de-cas status-publish has-post-thumbnail hentry domaine-etude-de-cas-electronique-grand-public techno-etude-de-cas-touch-fr\"><div class=\"gb-container gb-container-031abda4\">\n<p class=\"gb-headline gb-headline-79d55c74 gb-headline-text\"><a href=\"https:\/\/preprod.nanomade.com\/fr\/etude-de-cas\/contact-metallique-sur-cigarette-electronique\/\">Contact m\u00e9tallique sur cigarette \u00e9lectronique<\/a><\/p>\n<\/div><\/div>\n\n<div class=\"gb-grid-column gb-grid-column-031abda4 gb-query-loop-item post-3917 etude-de-cas type-etude-de-cas status-publish has-post-thumbnail hentry domaine-etude-de-cas-electronique-grand-public techno-etude-de-cas-touch-fr\"><div class=\"gb-container gb-container-031abda4\">\n<p class=\"gb-headline gb-headline-79d55c74 gb-headline-text\"><a href=\"https:\/\/preprod.nanomade.com\/fr\/etude-de-cas\/verrouillage-intelligent-pour-bagage\/\">Verrouillage intelligent pour bagage<\/a><\/p>\n<\/div><\/div>\n\n<div class=\"gb-grid-column gb-grid-column-031abda4 gb-query-loop-item post-3905 etude-de-cas type-etude-de-cas status-publish has-post-thumbnail hentry domaine-etude-de-cas-automobile techno-etude-de-cas-touch-fr\"><div class=\"gb-container gb-container-031abda4\">\n<p class=\"gb-headline gb-headline-79d55c74 gb-headline-text\"><a href=\"https:\/\/preprod.nanomade.com\/fr\/etude-de-cas\/leve-fenetres\/\">L\u00e8ve-fen\u00eatres<\/a><\/p>\n<\/div><\/div>\n\n<div class=\"gb-grid-column gb-grid-column-031abda4 gb-query-loop-item post-3887 etude-de-cas type-etude-de-cas status-publish has-post-thumbnail hentry domaine-etude-de-cas-sante-fr techno-etude-de-cas-deformation-des-structures\"><div class=\"gb-container gb-container-031abda4\">\n<p class=\"gb-headline gb-headline-79d55c74 gb-headline-text\"><a href=\"https:\/\/preprod.nanomade.com\/fr\/etude-de-cas\/homerehab-fr\/\">HomeRehab\u200b FR<\/a><\/p>\n<\/div><\/div>\n<\/div>\n\n<\/div>\n<\/div>\n\n\n<p><\/p>\n","protected":false},"excerpt":{"rendered":"<p>Plan de site Pages du site Accueil Technologie Force &amp; Touch Pulse Monitoring Structure Monitoring Bureau d&rsquo;\u00e9tude Production Nos \u00e9tudes de cas Boutique Contact Nos \u00e9tudes de cas<\/p>\n","protected":false},"author":2,"featured_media":0,"parent":0,"menu_order":0,"comment_status":"closed","ping_status":"closed","template":"","meta":{"_acf_changed":false,"_gspb_post_css":"","footnotes":""},"class_list":["post-4935","page","type-page","status-publish"],"acf":[],"_links":{"self":[{"href":"https:\/\/preprod.nanomade.com\/fr\/wp-json\/wp\/v2\/pages\/4935","targetHints":{"allow":["GET"]}}],"collection":[{"href":"https:\/\/preprod.nanomade.com\/fr\/wp-json\/wp\/v2\/pages"}],"about":[{"href":"https:\/\/preprod.nanomade.com\/fr\/wp-json\/wp\/v2\/types\/page"}],"author":[{"embeddable":true,"href":"https:\/\/preprod.nanomade.com\/fr\/wp-json\/wp\/v2\/users\/2"}],"replies":[{"embeddable":true,"href":"https:\/\/preprod.nanomade.com\/fr\/wp-json\/wp\/v2\/comments?post=4935"}],"version-history":[{"count":0,"href":"https:\/\/preprod.nanomade.com\/fr\/wp-json\/wp\/v2\/pages\/4935\/revisions"}],"wp:attachment":[{"href":"https:\/\/preprod.nanomade.com\/fr\/wp-json\/wp\/v2\/media?parent=4935"}],"curies":[{"name":"wp","href":"https:\/\/api.w.org\/{rel}","templated":true}]}}